{"id":20617,"date":"2020-01-12T16:37:55","date_gmt":"2020-01-12T15:37:55","guid":{"rendered":"https:\/\/www.cognisance.de\/%e9%a6%96%e9%a1%b5\/"},"modified":"2024-09-14T17:33:05","modified_gmt":"2024-09-14T15:33:05","slug":"%e9%a6%96%e9%a1%b5","status":"publish","type":"page","link":"https:\/\/www.cognisance.de\/zh-hans\/","title":{"rendered":"\u9996\u9875"},"content":{"rendered":"\r\n\r\n&nbsp;\r\n\r\n\r\n\r\n<div class=\"gb-container gb-container-ffc68a2c centerblock\">\r\n\r\n<div class=\"wp-block-columns is-layout-flex wp-container-core-columns-is-layout-9d6595d7 wp-block-columns-is-layout-flex\">\r\n\r\n\r\n<div class=\"wp-block-column is-layout-flow wp-block-column-is-layout-flow\">\r\n\r\n\r\n<h1 class=\"gb-headline gb-headline-bab5d4c4 gb-headline-text\">\u52a0\u901f\u60a8\u7684\u7535\u5b50\u5546\u52a1\u4e0e\u5c65\u884c\u670d\u52a1\uff0c\u9009\u62e9Cognisance<\/h1>\r\n\r\n\r\n\r\n\r\nCognisance \u662f\u4e00\u5bb6\u9886\u5148\u7684\u7b2c\u4e09\u65b9\u7269\u6d41\u7535\u5b50\u5546\u52a1\u548c\u5c65\u884c\u670d\u52a1\u63d0\u4f9b\u5546\uff0c\u4ee5\u5176\u7a33\u5b9a\u7684\u57fa\u7840\u8bbe\u65bd\u3001\u7075\u6d3b\u7684\u670d\u52a1\u65b9\u6848\u4ee5\u53ca\u5feb\u901f\u7684\u5ba2\u6237\u652f\u6301\u5728\u5fb7\u56fd\u53ca\u56fd\u9645\u4e0a\u95fb\u540d\u3002\r\n\r\n\r\n\r\n\r\n<ul class=\"wp-block-list\">\r\n \t<li style=\"list-style-type: none;\">\r\n<ul class=\"wp-block-list\">\r\n \t<li>\u5168\u9762\u7684\u670d\u52a1\uff1a\u91cf\u8eab\u5b9a\u5236\u7684\u89e3\u51b3\u65b9\u6848\uff0c\u4ee5\u6ee1\u8db3\u5404\u79cd\u9700\u6c42\u3002<\/li>\r\n<\/ul>\r\n<\/li>\r\n<\/ul>\r\n\r\n\r\n\r\n<ul class=\"wp-block-list\">\r\n \t<li style=\"list-style-type: none;\">\r\n<ul class=\"wp-block-list\">\r\n \t<li><strong>Moderne Logistikeinrichtungen:<\/strong> Hochmoderne R\u00e4umlichkeiten zur Optimierung der Abl\u00e4ufe.<\/li>\r\n<\/ul>\r\n<\/li>\r\n<\/ul>\r\n\r\n\r\n\r\n<ul class=\"wp-block-list\">\r\n \t<li style=\"list-style-type: none;\">\r\n<ul class=\"wp-block-list\">\r\n \t<li><strong>Direkter, pers\u00f6nlicher Service:<\/strong> Starke Kundenbeziehungen mit individueller Betreuung.<\/li>\r\n<\/ul>\r\n<\/li>\r\n<\/ul>\r\n\r\n\r\n\r\n<ul class=\"wp-block-list\">\r\n \t<li style=\"list-style-type: none;\">\r\n<ul class=\"wp-block-list\">\r\n \t<li><strong>Nahtlose Systemintegration:<\/strong> Kompatibilit\u00e4t mit allen g\u00e4ngigen Plattformen.<\/li>\r\n<\/ul>\r\n<\/li>\r\n<\/ul>\r\n\r\n\r\n\r\n\r\n\r\n<div class=\"wp-block-columns is-layout-flex wp-container-core-columns-is-layout-9d6595d7 wp-block-columns-is-layout-flex\">\r\n\r\n\r\n<div class=\"wp-block-column is-vertically-aligned-center is-layout-flow wp-block-column-is-layout-flow\">\r\n<span class=\"gb-button gb-button-99ab3dca gb-button-text\">Fulfillment anfragen<\/span>\r\n<\/div>\r\n\r\n\r\n\r\n<div class=\"wp-block-column is-layout-flow wp-block-column-is-layout-flow\">\r\n<span class=\"gb-button gb-button-99daf39b gb-button-text\">Kontakt aufnehmen<\/span>\r\n<\/div>\r\n\r\n\r\n\r\n<div class=\"wp-block-column is-layout-flow wp-block-column-is-layout-flow\" style=\"flex-basis: 20%;\"><\/div>\r\n\r\n\r\n<\/div>\r\n\r\n\r\n<\/div>\r\n\r\n\r\n\r\n<div class=\"wp-block-column is-layout-flow wp-block-column-is-layout-flow\">\r\n\r\n\r\n<figure class=\"gb-block-image gb-block-image-779d2f55\"><img loading=\"lazy\" decoding=\"async\" width=\"562\" height=\"360\" class=\"gb-image gb-image-779d2f55\" title=\"fulfillment_integration\" src=\"https:\/\/www.cognisance.de\/wp-content\/uploads\/2024\/09\/fulfillment_integration.jpg\" alt=\"Fulfillment Integration\" srcset=\"https:\/\/www.cognisance.de\/wp-content\/uploads\/2024\/09\/fulfillment_integration.jpg 562w, https:\/\/www.cognisance.de\/wp-content\/uploads\/2024\/09\/fulfillment_integration-300x192.jpg 300w\" sizes=\"auto, (max-width: 562px) 100vw, 562px\" \/><\/figure>\r\n\r\n\r\n<\/div>\r\n\r\n\r\n<\/div>\r\n\r\n\r\n<div class=\"gb-container gb-container-e2dacc7a\">\r\n\r\n<div class=\"wp-block-cb-carousel\" data-slick=\"{&quot;slidesToShow&quot;:6,&quot;slidesToScroll&quot;:1,&quot;speed&quot;:300,&quot;arrows&quot;:false,&quot;dots&quot;:false,&quot;autoplay&quot;:false,&quot;autoplaySpeed&quot;:3000,&quot;infinite&quot;:false,&quot;responsive&quot;:[{&quot;breakpoint&quot;:769,&quot;settings&quot;:{&quot;slidesToShow&quot;:2,&quot;slidesToScroll&quot;:1}}]}\">\r\n\r\n\r\n<div class=\"wp-block-cb-slide\">\r\n\r\n\r\n<figure class=\"wp-block-image size-thumbnail is-resized\"><img loading=\"lazy\" decoding=\"async\" width=\"150\" height=\"150\" class=\"wp-image-20573\" style=\"width: 98px; height: auto;\" src=\"https:\/\/www.cognisance.de\/wp-content\/uploads\/2024\/02\/logo_ramen_heaven-150x150.png\" alt=\"\" srcset=\"https:\/\/www.cognisance.de\/wp-content\/uploads\/2024\/02\/logo_ramen_heaven-150x150.png 150w, https:\/\/www.cognisance.de\/wp-content\/uploads\/2024\/02\/logo_ramen_heaven-300x300.png 300w, https:\/\/www.cognisance.de\/wp-content\/uploads\/2024\/02\/logo_ramen_heaven-768x768.png 768w, https:\/\/www.cognisance.de\/wp-content\/uploads\/2024\/02\/logo_ramen_heaven.png 1024w\" sizes=\"auto, (max-width: 150px) 100vw, 150px\" \/><\/figure>\r\n\r\n\r\n<\/div>\r\n\r\n\r\n\r\n<div class=\"wp-block-cb-slide\">\r\n\r\n\r\n<figure class=\"wp-block-image size-full\"><img loading=\"lazy\" decoding=\"async\" width=\"361\" height=\"240\" class=\"wp-image-20569\" src=\"https:\/\/www.cognisance.de\/wp-content\/uploads\/2023\/06\/4Pets_CG.png\" alt=\"\" srcset=\"https:\/\/www.cognisance.de\/wp-content\/uploads\/2023\/06\/4Pets_CG.png 361w, https:\/\/www.cognisance.de\/wp-content\/uploads\/2023\/06\/4Pets_CG-300x199.png 300w\" sizes=\"auto, (max-width: 361px) 100vw, 361px\" \/><\/figure>\r\n\r\n\r\n<\/div>\r\n\r\n\r\n\r\n<div class=\"wp-block-cb-slide\">\r\n\r\n\r\n<figure class=\"wp-block-image size-full\"><img loading=\"lazy\" decoding=\"async\" width=\"361\" height=\"240\" class=\"wp-image-20571\" src=\"https:\/\/www.cognisance.de\/wp-content\/uploads\/2023\/06\/COG_COSFAIR-1.png\" alt=\"\" srcset=\"https:\/\/www.cognisance.de\/wp-content\/uploads\/2023\/06\/COG_COSFAIR-1.png 361w, https:\/\/www.cognisance.de\/wp-content\/uploads\/2023\/06\/COG_COSFAIR-1-300x199.png 300w\" sizes=\"auto, (max-width: 361px) 100vw, 361px\" \/><\/figure>\r\n\r\n\r\n<\/div>\r\n\r\n\r\n<\/div>\r\n\r\n<\/div>\r\n\r\n<div class=\"gb-container gb-container-25ede53c\">\r\n\r\n<div class=\"wp-block-columns is-layout-flex wp-container-core-columns-is-layout-9d6595d7 wp-block-columns-is-layout-flex\">\r\n\r\n\r\n<div class=\"wp-block-column is-layout-flow wp-block-column-is-layout-flow\" style=\"flex-basis: 33.33%;\">\r\n\r\n\r\n<h2 class=\"wp-block-heading\" style=\"font-size: 50px;\">Bestellungen in Zufriedenheit verwandeln.<\/h2>\r\n\r\n\r\n<\/div>\r\n\r\n\r\n\r\n<div class=\"wp-block-column is-layout-flow wp-block-column-is-layout-flow\" style=\"flex-basis: 66.66%;\">\r\n\r\n\r\n\r\n<strong>Cognisance<\/strong> ist mehr als nur Lagerung und Versand; es ist eine umfassende E-Commerce-L\u00f6sung, die darauf ausgelegt ist, jeden Aspekt Ihres Gesch\u00e4fts zu optimieren. Von Vertrieb und Bestellungen \u00fcber Lagerung, Kommissionierung, Verpackung, Versand und Retouren sorgen wir daf\u00fcr, dass alle Prozesse reibungslos und effizient ablaufen. Als f\u00fchrender 3PL E-Commerce- und Fulfillment-Dienstleister mit Sitz in Monheim am Rhein, Deutschland, bietet <strong>Cognisance<\/strong> moderne Logistikeinrichtungen und ein vollst\u00e4ndiges Servicepaket, das auf Ihre Bed\u00fcrfnisse zugeschnitten ist. Mit \u00fcber 10 Jahren Erfahrung, einem motivierten Team und effizienten Abl\u00e4ufen sind wir Ihr vertrauensw\u00fcrdiger Partner f\u00fcr den E-Commerce-Erfolg.\r\n\r\n\r\n\r\n\r\n<span class=\"gb-button gb-button-9cac8a11 gb-button-text\">Erfahren Sie mehr \u00fcber Cognisance<\/span>\r\n\r\n\r\n<\/div>\r\n\r\n\r\n<\/div>\r\n\r\n<\/div>\r\n\r\n<div class=\"gb-container gb-container-e79751cf\">\r\n\r\n<h2 class=\"gb-headline gb-headline-c4ab1839 gb-headline-text\">Nur drei Schritte zu\r\n<strong>Ihrem E-Commerce-Erfolg<\/strong><\/h2>\r\n\r\n\r\n\r\n<div class=\"wp-block-columns is-layout-flex wp-container-core-columns-is-layout-9d6595d7 wp-block-columns-is-layout-flex\">\r\n\r\n\r\n<div class=\"wp-block-column is-layout-flow wp-block-column-is-layout-flow\">\r\n\r\n<div class=\"wp-block-safe-svg-svg-icon safe-svg-cover\" style=\"text-align: left;\">\n\t\t\t\t<div class=\"safe-svg-inside safe-svg-inline\" style=\"width: 72px; height: 90px; background-color: var(--wp--preset--color--); color: var(--wp--preset--color--); padding-top: ; padding-right: ; padding-bottom: ; padding-left: ; margin-top: ; margin-right: ; margin-bottom: ; margin-left: ;\"><?xml version=\"1.0\" encoding=\"UTF-8\"?> <svg xmlns=\"http:\/\/www.w3.org\/2000\/svg\" viewBox=\"0 0 640 512\"><path d=\"M580.2 244.7c50-50 50-131 0-181s-131-50-181 0l-17 17c-3.1 3.1-3.1 8.2 0 11.3s8.2 3.1 11.3 0l17-17c43.7-43.7 114.7-43.7 158.4 0s43.7 114.7 0 158.4L433.1 369.1c-43.7 43.7-114.7 43.7-158.4 0s-43.7-114.7 0-158.4l39.6-39.6c3.1-3.1 3.1-8.2 0-11.3s-8.2-3.1-11.3 0l-39.6 39.6c-50 50-50 131 0 181s131 50 181 0L580.2 244.7zM59.8 267.3c-50 50-50 131 0 181s131 50 181 0l17-17c3.1-3.1 3.1-8.2 0-11.3s-8.2-3.1-11.3 0l-17 17c-43.7 43.7-114.7 43.7-158.4 0s-43.7-114.7 0-158.4L206.9 142.9c43.7-43.7 114.7-43.7 158.4 0s43.7 114.7 0 158.4l-39.6 39.6c-3.1 3.1-3.1 8.2 0 11.3s8.2 3.1 11.3 0l39.6-39.6c50-50 50-131 0-181s-131-50-181 0L59.8 267.3z\"><\/path><\/svg> <\/div>\n\t\t\t<\/div>\r\n\r\n\r\n<h3 class=\"wp-block-heading\">1. Verbinden Sie Ihren Shop mit unserem System<\/h3>\r\n\r\n\r\n\r\n\r\nMit nur wenigen Klicks k\u00f6nnen Sie Ihren Shop nahtlos mit <strong>Cognisance<\/strong> verbinden. Dies erm\u00f6glicht es Ihnen, Bestellungen, Lagerbest\u00e4nde, Retouren, Wareneing\u00e4nge und vieles mehr effizient und schnell zu verwalten.\r\n\r\n\r\n\r\n\r\n<span class=\"gb-button gb-button-cacd412a gb-button-text\">Fordern Sie ein kostenloses Erstangebot an!<\/span>\r\n\r\n\r\n<\/div>\r\n\r\n\r\n\r\n<div class=\"wp-block-column is-layout-flow wp-block-column-is-layout-flow\">\r\n\r\n<div class=\"wp-block-safe-svg-svg-icon safe-svg-cover\" style=\"text-align: left;\">\n\t\t\t\t<div class=\"safe-svg-inside safe-svg-inline\" style=\"width: 72px; height: 90px; background-color: var(--wp--preset--color--); color: var(--wp--preset--color--); padding-top: ; padding-right: ; padding-bottom: ; padding-left: ; margin-top: ; margin-right: ; margin-bottom: ; margin-left: ;\"><?xml version=\"1.0\" encoding=\"UTF-8\"?> <svg xmlns=\"http:\/\/www.w3.org\/2000\/svg\" viewBox=\"0 0 640 512\"><path d=\"M128 16l224 0c26.5 0 48 21.5 48 48l0 336-163.3 0c-10.4-36.9-44.4-64-84.7-64c-29.8 0-56.1 14.8-72 37.4L80 288l-16 0 0 112 0 16 .4 0c-.2 2.6-.4 5.3-.4 8c0 48.6 39.4 88 88 88s88-39.4 88-88c0-2.7-.1-5.4-.4-8L400 416l.4 0c-.2 2.6-.4 5.3-.4 8c0 48.6 39.4 88 88 88s88-39.4 88-88c0-2.7-.1-5.4-.4-8l56.4 0c4.4 0 8-3.6 8-8s-3.6-8-8-8l-24 0 0-170.7c0-10.6-4.2-20.8-11.7-28.3L503 107.7c-7.5-7.5-17.7-11.7-28.3-11.7L416 96l0-32c0-35.3-28.7-64-64-64L128 0C92.7 0 64 28.7 64 64l0 32L8 96c-4.4 0-8 3.6-8 8s3.6 8 8 8l208 0c4.4 0 8-3.6 8-8s-3.6-8-8-8L80 96l0-32c0-26.5 21.5-48 48-48zM416 216l0-104 58.7 0c6.4 0 12.5 2.5 17 7L585 212.3c1.1 1.1 2.2 2.4 3 3.7l-172 0zm0 16l176 0 0 168-19.3 0c-10.4-36.9-44.4-64-84.7-64c-29.8 0-56.1 14.8-72 37.4L416 232zM80 424a72 72 0 1 1 144 0A72 72 0 1 1 80 424zm408-72a72 72 0 1 1 0 144 72 72 0 1 1 0-144zM40 160c-4.4 0-8 3.6-8 8s3.6 8 8 8l240 0c4.4 0 8-3.6 8-8s-3.6-8-8-8L40 160zM8 224c-4.4 0-8 3.6-8 8s3.6 8 8 8l208 0c4.4 0 8-3.6 8-8s-3.6-8-8-8L8 224z\"><\/path><\/svg> <\/div>\n\t\t\t<\/div>\r\n\r\n\r\n<h3 class=\"wp-block-heading\">2. Senden Sie uns Ihren Warenbestand<\/h3>\r\n\r\n\r\n\r\n\r\nErstellen Sie eine Warenlieferung, senden Sie Ihren Bestand an unser Logistikzentrum und verfolgen Sie die Einlagerung Ihrer Produkte in Echtzeit \u2013 einfach und transparent.\r\n\r\n\r\n\r\n<\/div>\r\n\r\n\r\n\r\n<div class=\"wp-block-column is-layout-flow wp-block-column-is-layout-flow\">\r\n\r\n<div class=\"wp-block-safe-svg-svg-icon safe-svg-cover\" style=\"text-align: left;\">\n\t\t\t\t<div class=\"safe-svg-inside safe-svg-inline\" style=\"width: 72px; height: 90px; background-color: var(--wp--preset--color--); color: var(--wp--preset--color--); padding-top: ; padding-right: ; padding-bottom: ; padding-left: ; margin-top: ; margin-right: ; margin-bottom: ; margin-left: ;\"><?xml version=\"1.0\" encoding=\"UTF-8\"?> <svg xmlns=\"http:\/\/www.w3.org\/2000\/svg\" viewBox=\"0 0 640 512\"><path d=\"M329.1 20.4c-5.8-2.4-12.4-2.4-18.2 0L40.8 131.2c-15 6.2-24.8 20.8-24.8 37L16 504c0 4.4-3.6 8-8 8s-8-3.6-8-8L0 168.2c0-22.7 13.7-43.2 34.7-51.8L304.8 5.6c9.7-4 20.6-4 30.4 0L605.3 116.4c21 8.6 34.7 29.1 34.7 51.8L640 504c0 4.4-3.6 8-8 8s-8-3.6-8-8l0-335.8c0-16.2-9.8-30.8-24.8-37L329.1 20.4zM120 208c-4.4 0-8 3.6-8 8l0 288c0 4.4-3.6 8-8 8s-8-3.6-8-8l0-288c0-13.3 10.7-24 24-24l400 0c13.3 0 24 10.7 24 24l0 288c0 4.4-3.6 8-8 8s-8-3.6-8-8l0-288c0-4.4-3.6-8-8-8l-400 0zM320 320c0-8.8-7.2-16-16-16l-112 0c-8.8 0-16 7.2-16 16l0 64 144 0 0-16 0-48zm0 80l-144 0 0 80c0 8.8 7.2 16 16 16l128 0 0-96zm16 96l112 0c8.8 0 16-7.2 16-16l0-64c0-8.8-7.2-16-16-16l-112 0 0 96zm0-112l16 0 96 0c17.7 0 32 14.3 32 32l0 64c0 17.7-14.3 32-32 32l-256 0c-17.7 0-32-14.3-32-32l0-80 0-16 0-64c0-17.7 14.3-32 32-32l112 0c17.7 0 32 14.3 32 32l0 48 0 16z\"><\/path><\/svg> <\/div>\n\t\t\t<\/div>\r\n\r\n\r\n<h3 class=\"wp-block-heading\">3. Wir lagern, verpacken und versenden<\/h3>\r\n\r\n\r\n\r\n\r\nSobald eine Bestellung in Ihrem Shop eingeht, starten wir den Versandprozess. So wird sichergestellt, dass Ihre Waren schnell und effizient beim Endkunden ankommen.\r\n\r\n\r\n\r\n<\/div>\r\n\r\n\r\n<\/div>\r\n\r\n<\/div>\r\n\r\n<div class=\"gb-container gb-container-01aefe09\">\r\n\r\n<h2 class=\"gb-headline gb-headline-f02c14de gb-headline-text\">Unser\u00a0Serviceportfolio<\/h2>\r\n\r\n\r\n<div class=\"gb-container gb-container-cb62dc74\">\r\n\r\n\r\nBei <strong>Cognisance<\/strong> sind wir f\u00fchrend im E-Commerce und Fulfillment, angetrieben von hohen Standards und umfangreicher Erfahrung. Wir gehen jedes Projekt pragmatisch an, um Effizienz zu gew\u00e4hrleisten, ohne das Gesamtbild aus den Augen zu verlieren. Entdecken Sie unser umfassendes 3PL E-Commerce- und Logistikdienstleistungsangebot:\r\n\r\n\r\n<\/div>\r\n\r\n\r\n<div class=\"wp-block-columns is-layout-flex wp-container-core-columns-is-layout-9d6595d7 wp-block-columns-is-layout-flex\">\r\n\r\n\r\n<div class=\"wp-block-column is-layout-flow wp-block-column-is-layout-flow\">\r\n\r\n\r\n<h2 class=\"wp-block-heading\">Consulting<\/h2>\r\n\r\n\r\n\r\n<ul class=\"wp-block-list\">\r\n \t<li style=\"list-style-type: none;\">\r\n<ul class=\"wp-block-list\">\r\n \t<li>E-Commerce-Beratung<\/li>\r\n<\/ul>\r\n<\/li>\r\n<\/ul>\r\n\r\n\r\n\r\n<ul class=\"wp-block-list\">\r\n \t<li style=\"list-style-type: none;\">\r\n<ul class=\"wp-block-list\">\r\n \t<li>JTL-Beratung<\/li>\r\n<\/ul>\r\n<\/li>\r\n<\/ul>\r\n\r\n\r\n\r\n<ul class=\"wp-block-list\">\r\n \t<li style=\"list-style-type: none;\">\r\n<ul class=\"wp-block-list\">\r\n \t<li>Logistikberatung<\/li>\r\n<\/ul>\r\n<\/li>\r\n<\/ul>\r\n\r\n\r\n\r\n<ul class=\"wp-block-list\">\r\n \t<li style=\"list-style-type: none;\">\r\n<ul class=\"wp-block-list\">\r\n \t<li>Beschaffungs- und Importberatung<\/li>\r\n<\/ul>\r\n<\/li>\r\n<\/ul>\r\n\r\n\r\n\r\n\r\n<\/div>\r\n\r\n\r\n\r\n<div class=\"wp-block-column is-layout-flow wp-block-column-is-layout-flow\">\r\n\r\n\r\n<h2 class=\"wp-block-heading\">E-Commerce<\/h2>\r\n\r\n\r\n\r\n<ul class=\"wp-block-list\">\r\n \t<li style=\"list-style-type: none;\">\r\n<ul class=\"wp-block-list\">\r\n \t<li>Verwaltung des Amazon-Kontos<\/li>\r\n<\/ul>\r\n<\/li>\r\n<\/ul>\r\n\r\n\r\n\r\n<ul class=\"wp-block-list\">\r\n \t<li style=\"list-style-type: none;\">\r\n<ul class=\"wp-block-list\">\r\n \t<li>Marktplatzverwaltung<\/li>\r\n<\/ul>\r\n<\/li>\r\n<\/ul>\r\n\r\n\r\n\r\n\r\n<\/div>\r\n\r\n\r\n\r\n<div class=\"wp-block-column is-layout-flow wp-block-column-is-layout-flow\">\r\n\r\n\r\n<h2 class=\"wp-block-heading\">FBM-fulfillment<\/h2>\r\n\r\n\r\n\r\n<ul class=\"wp-block-list\">\r\n \t<li style=\"list-style-type: none;\">\r\n<ul class=\"wp-block-list\">\r\n \t<li>Import und Lagerung<\/li>\r\n<\/ul>\r\n<\/li>\r\n<\/ul>\r\n\r\n\r\n\r\n<ul class=\"wp-block-list\">\r\n \t<li style=\"list-style-type: none;\">\r\n<ul class=\"wp-block-list\">\r\n \t<li>Kommissionieren und Verpacken<\/li>\r\n<\/ul>\r\n<\/li>\r\n<\/ul>\r\n\r\n\r\n\r\n<ul class=\"wp-block-list\">\r\n \t<li style=\"list-style-type: none;\">\r\n<ul class=\"wp-block-list\">\r\n \t<li>Individuelle Verpackung<\/li>\r\n<\/ul>\r\n<\/li>\r\n<\/ul>\r\n\r\n\r\n\r\n<ul class=\"wp-block-list\">\r\n \t<li style=\"list-style-type: none;\">\r\n<ul class=\"wp-block-list\">\r\n \t<li>Flexible Versandpartner<\/li>\r\n<\/ul>\r\n<\/li>\r\n<\/ul>\r\n\r\n\r\n\r\n\r\n<\/div>\r\n\r\n\r\n<\/div>\r\n\r\n\r\n\r\n<div class=\"wp-block-columns is-layout-flex wp-container-core-columns-is-layout-9d6595d7 wp-block-columns-is-layout-flex\">\r\n\r\n\r\n<div class=\"wp-block-column is-layout-flow wp-block-column-is-layout-flow\">\r\n\r\n\r\n<h2 class=\"wp-block-heading\">Pre-FBA fulfillment<\/h2>\r\n\r\n\r\n\r\n<ul class=\"wp-block-list\">\r\n \t<li style=\"list-style-type: none;\">\r\n<ul class=\"wp-block-list\">\r\n \t<li>Warenannahme und Qualit\u00e4tspr\u00fcfung<\/li>\r\n<\/ul>\r\n<\/li>\r\n<\/ul>\r\n\r\n\r\n\r\n<ul class=\"wp-block-list\">\r\n \t<li style=\"list-style-type: none;\">\r\n<ul class=\"wp-block-list\">\r\n \t<li>Verpackung und Etikettierung<\/li>\r\n<\/ul>\r\n<\/li>\r\n<\/ul>\r\n\r\n\r\n\r\n<ul class=\"wp-block-list\">\r\n \t<li style=\"list-style-type: none;\">\r\n<ul class=\"wp-block-list\">\r\n \t<li>Versandabwicklung<\/li>\r\n<\/ul>\r\n<\/li>\r\n<\/ul>\r\n\r\n\r\n\r\n<ul class=\"wp-block-list\">\r\n \t<li style=\"list-style-type: none;\">\r\n<ul class=\"wp-block-list\">\r\n \t<li>FBA-Retouren management<\/li>\r\n<\/ul>\r\n<\/li>\r\n<\/ul>\r\n\r\n\r\n\r\n\r\n<\/div>\r\n\r\n\r\n\r\n<div class=\"wp-block-column is-layout-flow wp-block-column-is-layout-flow\">\r\n\r\n\r\n<h2 class=\"wp-block-heading\">Returns &amp; remissions<\/h2>\r\n\r\n\r\n\r\n<ul class=\"wp-block-list\">\r\n \t<li style=\"list-style-type: none;\">\r\n<ul class=\"wp-block-list\">\r\n \t<li>R\u00fccknahme und Identifikation von R\u00fccksendungen<\/li>\r\n<\/ul>\r\n<\/li>\r\n<\/ul>\r\n\r\n\r\n\r\n<ul class=\"wp-block-list\">\r\n \t<li style=\"list-style-type: none;\">\r\n<ul class=\"wp-block-list\">\r\n \t<li>Inspektion und Bearbeitung<\/li>\r\n<\/ul>\r\n<\/li>\r\n<\/ul>\r\n\r\n\r\n\r\n<ul class=\"wp-block-list\">\r\n \t<li style=\"list-style-type: none;\">\r\n<ul class=\"wp-block-list\">\r\n \t<li>Berichterstattung<\/li>\r\n<\/ul>\r\n<\/li>\r\n<\/ul>\r\n\r\n\r\n\r\n<ul class=\"wp-block-list\">\r\n \t<li style=\"list-style-type: none;\">\r\n<ul class=\"wp-block-list\">\r\n \t<li>Entsorgung und Recycling<\/li>\r\n<\/ul>\r\n<\/li>\r\n<\/ul>\r\n\r\n\r\n\r\n\r\n<\/div>\r\n\r\n\r\n\r\n<div class=\"wp-block-column is-layout-flow wp-block-column-is-layout-flow\">\r\n\r\n\r\n<h2 class=\"wp-block-heading\">Value added services<\/h2>\r\n\r\n\r\n\r\n<ul class=\"wp-block-list\">\r\n \t<li style=\"list-style-type: none;\">\r\n<ul class=\"wp-block-list\">\r\n \t<li>Umpackung und Nachbearbeitung<\/li>\r\n<\/ul>\r\n<\/li>\r\n<\/ul>\r\n\r\n\r\n\r\n<ul class=\"wp-block-list\">\r\n \t<li style=\"list-style-type: none;\">\r\n<ul class=\"wp-block-list\">\r\n \t<li>Verpackung und B\u00fcndelung<\/li>\r\n<\/ul>\r\n<\/li>\r\n<\/ul>\r\n\r\n\r\n\r\n<ul class=\"wp-block-list\">\r\n \t<li style=\"list-style-type: none;\">\r\n<ul class=\"wp-block-list\">\r\n \t<li>Hinzuf\u00fcgen von Werbe- oder Informationsmaterial<\/li>\r\n<\/ul>\r\n<\/li>\r\n<\/ul>\r\n\r\n\r\n\r\n<ul class=\"wp-block-list\">\r\n \t<li style=\"list-style-type: none;\">\r\n<ul class=\"wp-block-list\">\r\n \t<li>Customer service<\/li>\r\n<\/ul>\r\n<\/li>\r\n<\/ul>\r\n\r\n\r\n\r\n\r\n<\/div>\r\n\r\n\r\n<\/div>\r\n\r\n<\/div>\r\n\r\n<div class=\"gb-container gb-container-71ff2eda\">\r\n\r\n<h2 class=\"gb-headline gb-headline-e073fab0 gb-headline-text\">Mit einer praxisnahen Mentalit\u00e4t\r\n<strong>zu Ihrem Erfolg<\/strong><\/h2>\r\n\r\n\r\n\r\n<div class=\"wp-block-columns is-layout-flex wp-container-core-columns-is-layout-9d6595d7 wp-block-columns-is-layout-flex\">\r\n\r\n\r\n<div class=\"wp-block-column is-layout-flow wp-block-column-is-layout-flow\">\r\n\r\n\r\n<figure class=\"gb-block-image gb-block-image-2fcdabc2\"><img loading=\"lazy\" decoding=\"async\" width=\"562\" height=\"310\" class=\"gb-image gb-image-2fcdabc2\" title=\"successfull_for_our_customers_teamwork\" src=\"https:\/\/www.cognisance.de\/wp-content\/uploads\/2024\/09\/successfull_for_our_customers_teamwork.jpg\" alt=\"Sucessfull for our customers - Teamwork\" srcset=\"https:\/\/www.cognisance.de\/wp-content\/uploads\/2024\/09\/successfull_for_our_customers_teamwork.jpg 562w, https:\/\/www.cognisance.de\/wp-content\/uploads\/2024\/09\/successfull_for_our_customers_teamwork-300x165.jpg 300w\" sizes=\"auto, (max-width: 562px) 100vw, 562px\" \/><\/figure>\r\n\r\n\r\n<\/div>\r\n\r\n\r\n\r\n<div class=\"wp-block-column is-layout-flow wp-block-column-is-layout-flow\">\r\n\r\n\r\n\r\nBei <strong>Cognisance<\/strong> legen wir gro\u00dfen Wert auf Detailgenauigkeit. Unsere praxisorientierte Herangehensweise ist seit jeher das Fundament unserer Arbeit, und wir halten diesen Standard bis heute aufrecht. F\u00fcr uns bedeutet das, unsere Dienstleistungen individuell auf Ihre spezifischen Bed\u00fcrfnisse zuzuschneiden und ma\u00dfgeschneiderte Verkaufsstrategien sowie Logistikl\u00f6sungen zu bieten, die perfekt zu Ihrem Unternehmen passen. Dank schlanker Entscheidungswege k\u00f6nnen wir schnell reagieren und uns flexibel an sich \u00e4ndernde Marktbedingungen anpassen.\r\n\r\n\r\n\r\n\r\n<h2 class=\"wp-block-heading\"><strong>Was wir bieten:<\/strong><\/h2>\r\n\r\n\r\n\r\n<ul class=\"wp-block-list\">\r\n \t<li style=\"list-style-type: none;\">\r\n<ul class=\"wp-block-list\">\r\n \t<li>\u00dcber 10 Jahre E-Commerce-Expertise<\/li>\r\n<\/ul>\r\n<\/li>\r\n<\/ul>\r\n\r\n\r\n\r\n<ul class=\"wp-block-list\">\r\n \t<li style=\"list-style-type: none;\">\r\n<ul class=\"wp-block-list\">\r\n \t<li>Fulfillment-Service mit praxisorientierter Herangehensweise<\/li>\r\n<\/ul>\r\n<\/li>\r\n<\/ul>\r\n\r\n\r\n\r\n<ul class=\"wp-block-list\">\r\n \t<li style=\"list-style-type: none;\">\r\n<ul class=\"wp-block-list\">\r\n \t<li>Modernste Logistikeinrichtungen<\/li>\r\n<\/ul>\r\n<\/li>\r\n<\/ul>\r\n\r\n\r\n\r\n<ul class=\"wp-block-list\">\r\n \t<li style=\"list-style-type: none;\">\r\n<ul class=\"wp-block-list\">\r\n \t<li>Skalierbare Logistikl\u00f6sungen<\/li>\r\n<\/ul>\r\n<\/li>\r\n<\/ul>\r\n\r\n\r\n\r\n<ul class=\"wp-block-list\">\r\n \t<li style=\"list-style-type: none;\">\r\n<ul class=\"wp-block-list\">\r\n \t<li>Zentral gelegen in Deutschland<\/li>\r\n<\/ul>\r\n<\/li>\r\n<\/ul>\r\n\r\n\r\n\r\n<ul class=\"wp-block-list\">\r\n \t<li style=\"list-style-type: none;\">\r\n<ul class=\"wp-block-list\">\r\n \t<li>Flexible Dienstleistungen, individuell auf Ihre Anforderungen zugeschnitten<\/li>\r\n<\/ul>\r\n<\/li>\r\n<\/ul>\r\n\r\n\r\n\r\n\r\n\r\n<span class=\"gb-button gb-button-4906f0de gb-button-text\">Erfahren Sie mehr \u00fcber Cognisance<\/span>\r\n\r\n\r\n<\/div>\r\n\r\n\r\n<\/div>\r\n\r\n<\/div>\r\n\r\n<div class=\"gb-container gb-container-6c7faff5\">\r\n\r\n<h2 class=\"gb-headline gb-headline-73ed3dbf gb-headline-text\">Erfolgreiche Kunden<\/h2>\r\n<div class=\"gb-container gb-container-16f87373\" style=\"box-sizing: inherit; --brlbs-tw-border-spacing-x: 0; --brlbs-tw-border-spacing-y: 0; --brlbs-tw-translate-x: 0; --brlbs-tw-translate-y: 0; --brlbs-tw-rotate: 0; --brlbs-tw-skew-x: 0; --brlbs-tw-skew-y: 0; --brlbs-tw-scale-x: 1; --brlbs-tw-scale-y: 1; --brlbs-tw-scroll-snap-strictness: proximity; --brlbs-tw-ring-offset-width: 0px; --brlbs-tw-ring-offset-color: #fff; --brlbs-tw-ring-color: rgba(59,130,246,.5); --brlbs-tw-ring-offset-shadow: 0 0 #0000; --brlbs-tw-ring-shadow: 0 0 #0000; --brlbs-tw-shadow: 0 0 #0000; --brlbs-tw-shadow-colored: 0 0 #0000; display: flex; flex-direction: row; justify-content: space-between; margin-bottom: 40px; column-gap: 4%; align-items: flex-start; color: #ffffff; font-family: Cresta; font-size: 18px; white-space-collapse: collapse; background-color: #132042;\">\r\n<div class=\"gb-container gb-container-7348f5fe\" style=\"box-sizing: inherit; --brlbs-tw-border-spacing-x: 0; --brlbs-tw-border-spacing-y: 0; --brlbs-tw-translate-x: 0; --brlbs-tw-translate-y: 0; --brlbs-tw-rotate: 0; --brlbs-tw-skew-x: 0; --brlbs-tw-skew-y: 0; --brlbs-tw-scale-x: 1; --brlbs-tw-scale-y: 1; --brlbs-tw-scroll-snap-strictness: proximity; --brlbs-tw-ring-offset-width: 0px; --brlbs-tw-ring-offset-color: #fff; --brlbs-tw-ring-color: rgba(59,130,246,.5); --brlbs-tw-ring-offset-shadow: 0 0 #0000; --brlbs-tw-ring-shadow: 0 0 #0000; --brlbs-tw-shadow: 0 0 #0000; --brlbs-tw-shadow-colored: 0 0 #0000; width: 621.594px; column-gap: 4%; align-items: flex-start;\"><\/div>\r\n<\/div>\r\n\r\n\r\n\r\n<div class=\"wp-block-columns is-layout-flex wp-container-core-columns-is-layout-9d6595d7 wp-block-columns-is-layout-flex\">\r\n\r\n\r\n<div class=\"wp-block-column is-layout-flow wp-block-column-is-layout-flow\">\r\n\r\n\r\n\r\nZahlreiche Onlineh\u00e4ndler aus verschiedenen Branchen vertrauen auf die Zuverl\u00e4ssigkeit und Flexibilit\u00e4t von <strong>Cognisance<\/strong>. Wir begleiten unsere Kunden langfristig auf ihrem Wachstumskurs und leisten einen messbaren Beitrag zu ihrem nachhaltigen Erfolg. Entfalten Sie das volle Potenzial Ihres Unternehmens mit <strong>Cognisance<\/strong> als Ihrem erfahrenen Partner f\u00fcr E-Commerce- und Fulfillment-Dienstleistungen.\r\n\r\n\r\n\r\n<\/div>\r\n\r\n\r\n<\/div>\r\n\r\n<\/div>\r\n<\/div>","protected":false},"excerpt":{"rendered":"<p>&nbsp; \u52a0\u901f\u60a8\u7684\u7535\u5b50\u5546\u52a1\u4e0e\u5c65\u884c\u670d\u52a1\uff0c\u9009\u62e9Cognisance Cognisance \u662f\u4e00\u5bb6\u9886\u5148\u7684\u7b2c\u4e09\u65b9\u7269 &#8230; <a title=\"\u9996\u9875\" class=\"read-more\" href=\"https:\/\/www.cognisance.de\/zh-hans\/\" aria-label=\"\u9605\u8bfb \u9996\u9875\">\u9605\u8bfb\u66f4\u591a<\/a><\/p>\n","protected":false},"author":1,"featured_media":0,"parent":0,"menu_order":0,"comment_status":"closed","ping_status":"closed","template":"","meta":{"_monsterinsights_skip_tracking":false,"_monsterinsights_sitenote_active":false,"_monsterinsights_sitenote_note":"","_monsterinsights_sitenote_category":0,"footnotes":""},"class_list":["post-20617","page","type-page","status-publish"],"aioseo_notices":[],"_links":{"self":[{"href":"https:\/\/www.cognisance.de\/zh-hans\/wp-json\/wp\/v2\/pages\/20617","targetHints":{"allow":["GET"]}}],"collection":[{"href":"https:\/\/www.cognisance.de\/zh-hans\/wp-json\/wp\/v2\/pages"}],"about":[{"href":"https:\/\/www.cognisance.de\/zh-hans\/wp-json\/wp\/v2\/types\/page"}],"author":[{"embeddable":true,"href":"https:\/\/www.cognisance.de\/zh-hans\/wp-json\/wp\/v2\/users\/1"}],"replies":[{"embeddable":true,"href":"https:\/\/www.cognisance.de\/zh-hans\/wp-json\/wp\/v2\/comments?post=20617"}],"version-history":[{"count":2,"href":"https:\/\/www.cognisance.de\/zh-hans\/wp-json\/wp\/v2\/pages\/20617\/revisions"}],"predecessor-version":[{"id":21134,"href":"https:\/\/www.cognisance.de\/zh-hans\/wp-json\/wp\/v2\/pages\/20617\/revisions\/21134"}],"wp:attachment":[{"href":"https:\/\/www.cognisance.de\/zh-hans\/wp-json\/wp\/v2\/media?parent=20617"}],"curies":[{"name":"wp","href":"https:\/\/api.w.org\/{rel}","templated":true}]}}